{"id":1909,"date":"2021-07-26T08:52:38","date_gmt":"2021-07-26T06:52:38","guid":{"rendered":"https:\/\/casabodhi.com\/contact\/"},"modified":"2025-08-01T08:36:02","modified_gmt":"2025-08-01T06:36:02","slug":"contact","status":"publish","type":"page","link":"https:\/\/casabodhi.com\/es\/contact\/","title":{"rendered":"Contacto"},"content":{"rendered":"\t\t<div data-elementor-type=\"wp-page\" data-elementor-id=\"1909\" class=\"elementor elementor-1909 elementor-16\" data-elementor-post-type=\"page\">\n\t\t\t\t\t\t<section class=\"elementor-section elementor-top-section elementor-element elementor-element-6be6dac7 elementor-section-height-min-height elementor-section-boxed elementor-section-height-default elementor-section-items-middle\" data-id=\"6be6dac7\" data-element_type=\"section\" data-e-type=\"section\" data-settings=\"{&quot;background_background&quot;:&quot;classic&quot;}\">\n\t\t\t\t\t\t\t<div class=\"elementor-background-overlay\"><\/div>\n\t\t\t\t\t\t\t<div class=\"elementor-container elementor-column-gap-default\">\n\t\t\t\t\t<div class=\"elementor-column elementor-col-100 elementor-top-column elementor-element elementor-element-bda1bca\" data-id=\"bda1bca\" data-element_type=\"column\" data-e-type=\"column\">\n\t\t\t<div class=\"elementor-widget-wrap elementor-element-populated\">\n\t\t\t\t\t\t<div class=\"elementor-element elementor-element-42f0dd9d elementor-invisible elementor-widget elementor-widget-heading\" data-id=\"42f0dd9d\" data-element_type=\"widget\" data-e-type=\"widget\" data-settings=\"{&quot;_animation&quot;:&quot;slideInLeft&quot;}\" data-widget_type=\"heading.default\">\n\t\t\t\t<div class=\"elementor-widget-container\">\n\t\t\t\t\t<h2 class=\"elementor-heading-title elementor-size-default\">Contact<\/h2>\t\t\t\t<\/div>\n\t\t\t\t<\/div>\n\t\t\t\t\t<\/div>\n\t\t<\/div>\n\t\t\t\t\t<\/div>\n\t\t<\/section>\n\t\t\t\t<section class=\"elementor-section elementor-top-section elementor-element elementor-element-d17735b elementor-reverse-mobile elementor-section-boxed elementor-section-height-default elementor-section-height-default\" data-id=\"d17735b\" data-element_type=\"section\" data-e-type=\"section\" data-settings=\"{&quot;background_background&quot;:&quot;gradient&quot;}\">\n\t\t\t\t\t\t<div class=\"elementor-container elementor-column-gap-default\">\n\t\t\t\t\t<div class=\"elementor-column elementor-col-50 elementor-top-column elementor-element elementor-element-0ef9ea7\" data-id=\"0ef9ea7\" data-element_type=\"column\" data-e-type=\"column\">\n\t\t\t<div class=\"elementor-widget-wrap elementor-element-populated\">\n\t\t\t\t\t\t<div class=\"elementor-element elementor-element-789127f elementor-widget elementor-widget-image\" data-id=\"789127f\" data-element_type=\"widget\" data-e-type=\"widget\" data-widget_type=\"image.default\">\n\t\t\t\t<div class=\"elementor-widget-container\">\n\t\t\t\t\t\t\t\t\t\t\t\t\t\t\t<img fetchpriority=\"high\" decoding=\"async\" width=\"683\" height=\"1024\" src=\"https:\/\/casabodhi.com\/wp-content\/uploads\/2020\/11\/5953-683x1024.jpg\" class=\"attachment-large size-large wp-image-1451\" alt=\"\" srcset=\"https:\/\/casabodhi.com\/wp-content\/uploads\/2020\/11\/5953-683x1024.jpg 683w, https:\/\/casabodhi.com\/wp-content\/uploads\/2020\/11\/5953-200x300.jpg 200w, https:\/\/casabodhi.com\/wp-content\/uploads\/2020\/11\/5953-768x1152.jpg 768w, https:\/\/casabodhi.com\/wp-content\/uploads\/2020\/11\/5953-1024x1536.jpg 1024w, https:\/\/casabodhi.com\/wp-content\/uploads\/2020\/11\/5953.jpg 1200w\" sizes=\"(max-width: 683px) 100vw, 683px\" \/>\t\t\t\t\t\t\t\t\t\t\t\t\t\t\t<\/div>\n\t\t\t\t<\/div>\n\t\t\t\t\t<\/div>\n\t\t<\/div>\n\t\t\t\t<div class=\"elementor-column elementor-col-50 elementor-top-column elementor-element elementor-element-f63f019\" data-id=\"f63f019\" data-element_type=\"column\" data-e-type=\"column\">\n\t\t\t<div class=\"elementor-widget-wrap elementor-element-populated\">\n\t\t\t\t\t\t<div class=\"elementor-element elementor-element-df10d59 elementor-widget elementor-widget-heading\" data-id=\"df10d59\" data-element_type=\"widget\" data-e-type=\"widget\" data-widget_type=\"heading.default\">\n\t\t\t\t<div class=\"elementor-widget-container\">\n\t\t\t\t\t<h2 class=\"elementor-heading-title elementor-size-default\"><span style=\"font-weight:300\">Casa<\/span> Bodhi<\/h2>\t\t\t\t<\/div>\n\t\t\t\t<\/div>\n\t\t\t\t<div class=\"elementor-element elementor-element-ca511bf elementor-mobile-align-start elementor-icon-list--layout-traditional elementor-list-item-link-full_width elementor-widget elementor-widget-icon-list\" data-id=\"ca511bf\" data-element_type=\"widget\" data-e-type=\"widget\" data-widget_type=\"icon-list.default\">\n\t\t\t\t<div class=\"elementor-widget-container\">\n\t\t\t\t\t\t\t<ul class=\"elementor-icon-list-items\">\n\t\t\t\t\t\t\t<li class=\"elementor-icon-list-item\">\n\t\t\t\t\t\t\t\t\t\t\t<span class=\"elementor-icon-list-icon\">\n\t\t\t\t\t\t\t<i aria-hidden=\"true\" class=\"fas fa-map-marker-alt\"><\/i>\t\t\t\t\t\t<\/span>\n\t\t\t\t\t\t\t\t\t\t<span class=\"elementor-icon-list-text\">Paseo De Mejico 6<\/span>\n\t\t\t\t\t\t\t\t\t<\/li>\n\t\t\t\t\t\t\t\t<li class=\"elementor-icon-list-item\">\n\t\t\t\t\t\t\t\t\t\t\t<span class=\"elementor-icon-list-icon\">\n\t\t\t\t\t\t\t<i aria-hidden=\"true\" class=\"fas fa-location-arrow\"><\/i>\t\t\t\t\t\t<\/span>\n\t\t\t\t\t\t\t\t\t\t<span class=\"elementor-icon-list-text\">Elviria 29604 - Marbella <\/span>\n\t\t\t\t\t\t\t\t\t<\/li>\n\t\t\t\t\t\t\t\t<li class=\"elementor-icon-list-item\">\n\t\t\t\t\t\t\t\t\t\t\t<a href=\"tel:0032485004502\">\n\n\t\t\t\t\t\t\t\t\t\t\t\t<span class=\"elementor-icon-list-icon\">\n\t\t\t\t\t\t\t<i aria-hidden=\"true\" class=\"fas fa-phone-alt\"><\/i>\t\t\t\t\t\t<\/span>\n\t\t\t\t\t\t\t\t\t\t<span class=\"elementor-icon-list-text\">+32 485 00 45 02 (NL, EN, DU)<\/span>\n\t\t\t\t\t\t\t\t\t\t\t<\/a>\n\t\t\t\t\t\t\t\t\t<\/li>\n\t\t\t\t\t\t\t\t<li class=\"elementor-icon-list-item\">\n\t\t\t\t\t\t\t\t\t\t\t<a href=\"tel:0034640524095\">\n\n\t\t\t\t\t\t\t\t\t\t\t\t<span class=\"elementor-icon-list-icon\">\n\t\t\t\t\t\t\t<i aria-hidden=\"true\" class=\"fas fa-phone-alt\"><\/i>\t\t\t\t\t\t<\/span>\n\t\t\t\t\t\t\t\t\t\t<span class=\"elementor-icon-list-text\">+34 640 52 40 95 (ES)<\/span>\n\t\t\t\t\t\t\t\t\t\t\t<\/a>\n\t\t\t\t\t\t\t\t\t<\/li>\n\t\t\t\t\t\t\t\t<li class=\"elementor-icon-list-item\">\n\t\t\t\t\t\t\t\t\t\t\t<a href=\"mailto:info@casabodhi.com\">\n\n\t\t\t\t\t\t\t\t\t\t\t\t<span class=\"elementor-icon-list-icon\">\n\t\t\t\t\t\t\t<i aria-hidden=\"true\" class=\"fas fa-envelope\"><\/i>\t\t\t\t\t\t<\/span>\n\t\t\t\t\t\t\t\t\t\t<span class=\"elementor-icon-list-text\">info@casabodhi.com<\/span>\n\t\t\t\t\t\t\t\t\t\t\t<\/a>\n\t\t\t\t\t\t\t\t\t<\/li>\n\t\t\t\t\t\t\t\t<li class=\"elementor-icon-list-item\">\n\t\t\t\t\t\t\t\t\t\t\t<a href=\"https:\/\/g.page\/casa-bodhi-marbella?share\" target=\"_blank\">\n\n\t\t\t\t\t\t\t\t\t\t\t\t<span class=\"elementor-icon-list-icon\">\n\t\t\t\t\t\t\t<i aria-hidden=\"true\" class=\"fas fa-map-marked-alt\"><\/i>\t\t\t\t\t\t<\/span>\n\t\t\t\t\t\t\t\t\t\t<span class=\"elementor-icon-list-text\">Directions<\/span>\n\t\t\t\t\t\t\t\t\t\t\t<\/a>\n\t\t\t\t\t\t\t\t\t<\/li>\n\t\t\t\t\t\t<\/ul>\n\t\t\t\t\t\t<\/div>\n\t\t\t\t<\/div>\n\t\t\t\t\t<\/div>\n\t\t<\/div>\n\t\t\t\t\t<\/div>\n\t\t<\/section>\n\t\t\t\t<section class=\"elementor-section elementor-top-section elementor-element elementor-element-ac0ce53 elementor-section-boxed elementor-section-height-default elementor-section-height-default\" data-id=\"ac0ce53\" data-element_type=\"section\" data-e-type=\"section\" id=\"contactform\" data-settings=\"{&quot;background_background&quot;:&quot;classic&quot;}\">\n\t\t\t\t\t\t<div class=\"elementor-container elementor-column-gap-default\">\n\t\t\t\t\t<div class=\"elementor-column elementor-col-100 elementor-top-column elementor-element elementor-element-0cce547\" data-id=\"0cce547\" data-element_type=\"column\" data-e-type=\"column\" data-settings=\"{&quot;background_background&quot;:&quot;classic&quot;}\">\n\t\t\t<div class=\"elementor-widget-wrap elementor-element-populated\">\n\t\t\t\t\t\t<div class=\"elementor-element elementor-element-54c8f80 elementor-widget elementor-widget-heading\" data-id=\"54c8f80\" data-element_type=\"widget\" data-e-type=\"widget\" data-widget_type=\"heading.default\">\n\t\t\t\t<div class=\"elementor-widget-container\">\n\t\t\t\t\t<h3 class=\"elementor-heading-title elementor-size-default\">Formulario de contacto<\/h3>\t\t\t\t<\/div>\n\t\t\t\t<\/div>\n\t\t\t\t<div class=\"elementor-element elementor-element-59ae1fa elementor-widget elementor-widget-text-editor\" data-id=\"59ae1fa\" data-element_type=\"widget\" data-e-type=\"widget\" data-widget_type=\"text-editor.default\">\n\t\t\t\t<div class=\"elementor-widget-container\">\n\t\t\t\t\t\t\t\t\t<p>Utilice el siguiente formulario para cualquier otra pregunta.<br \/>\nGracias por su inter\u00e9s.<\/p>\n\t\t\t\t\t\t\t\t<\/div>\n\t\t\t\t<\/div>\n\t\t\t\t<div class=\"elementor-element elementor-element-0ef6fb5 elementor-button-align-stretch elementor-widget elementor-widget-form\" data-id=\"0ef6fb5\" data-element_type=\"widget\" data-e-type=\"widget\" data-settings=\"{&quot;step_next_label&quot;:&quot;Next&quot;,&quot;step_previous_label&quot;:&quot;Previous&quot;,&quot;button_width&quot;:&quot;100&quot;,&quot;step_type&quot;:&quot;number_text&quot;,&quot;step_icon_shape&quot;:&quot;circle&quot;}\" data-widget_type=\"form.default\">\n\t\t\t\t<div class=\"elementor-widget-container\">\n\t\t\t\t\t\t\t<form class=\"elementor-form\" method=\"post\" name=\"Contat_form\" aria-label=\"Contat_form\">\n\t\t\t<input type=\"hidden\" name=\"post_id\" value=\"1909\"\/>\n\t\t\t<input type=\"hidden\" name=\"form_id\" value=\"0ef6fb5\"\/>\n\t\t\t<input type=\"hidden\" name=\"referer_title\" value=\"Contacto - Casa Bodhi\" \/>\n\n\t\t\t\t\t\t\t<input type=\"hidden\" name=\"queried_id\" value=\"1909\"\/>\n\t\t\t\n\t\t\t<div class=\"elementor-form-fields-wrapper elementor-labels-\">\n\t\t\t\t\t\t\t\t<div class=\"elementor-field-type-text elementor-field-group elementor-column elementor-field-group-name elementor-col-100\">\n\t\t\t\t\t\t\t\t\t\t\t\t<label for=\"form-field-name\" class=\"elementor-field-label elementor-screen-only\">\n\t\t\t\t\t\t\t\tNombre\t\t\t\t\t\t\t<\/label>\n\t\t\t\t\t\t\t\t\t\t\t\t\t\t<input size=\"1\" type=\"text\" name=\"form_fields[name]\" id=\"form-field-name\" class=\"elementor-field elementor-size-md  elementor-field-textual\" placeholder=\"Nombre\">\n\t\t\t\t\t\t\t\t\t\t\t<\/div>\n\t\t\t\t\t\t\t\t<div class=\"elementor-field-type-email elementor-field-group elementor-column elementor-field-group-email elementor-col-100 elementor-field-required\">\n\t\t\t\t\t\t\t\t\t\t\t\t<label for=\"form-field-email\" class=\"elementor-field-label elementor-screen-only\">\n\t\t\t\t\t\t\t\tMail\t\t\t\t\t\t\t<\/label>\n\t\t\t\t\t\t\t\t\t\t\t\t\t\t<input size=\"1\" type=\"email\" name=\"form_fields[email]\" id=\"form-field-email\" class=\"elementor-field elementor-size-md  elementor-field-textual\" placeholder=\"Mail\" required=\"required\">\n\t\t\t\t\t\t\t\t\t\t\t<\/div>\n\t\t\t\t\t\t\t\t<div class=\"elementor-field-type-textarea elementor-field-group elementor-column elementor-field-group-message elementor-col-100\">\n\t\t\t\t\t\t\t\t\t\t\t\t<label for=\"form-field-message\" class=\"elementor-field-label elementor-screen-only\">\n\t\t\t\t\t\t\t\tPregunta\t\t\t\t\t\t\t<\/label>\n\t\t\t\t\t\t<textarea class=\"elementor-field-textual elementor-field  elementor-size-md\" name=\"form_fields[message]\" id=\"form-field-message\" rows=\"4\" placeholder=\"Mensaje\"><\/textarea>\t\t\t\t<\/div>\n\t\t\t\t\t\t\t\t<div class=\"elementor-field-type-text\">\n\t\t\t\t\t<input size=\"1\" type=\"text\" name=\"form_fields[field_1d7e5f9]\" id=\"form-field-field_1d7e5f9\" class=\"elementor-field elementor-size-md \" style=\"display:none !important;\">\t\t\t\t<\/div>\n\t\t\t\t\t\t\t\t<div class=\"elementor-field-type-recaptcha_v3 elementor-field-group elementor-column elementor-field-group-field_83c3d4f elementor-col-100 recaptcha_v3-bottomleft\">\n\t\t\t\t\t<div class=\"elementor-field\" id=\"form-field-field_83c3d4f\"><div class=\"elementor-g-recaptcha\" data-sitekey=\"6LePx28dAAAAADDsJnS8tnakSKU4oqzZm2E3WcGu\" data-type=\"v3\" data-action=\"Form\" data-badge=\"bottomleft\" data-size=\"invisible\"><\/div><\/div>\t\t\t\t<\/div>\n\t\t\t\t\t\t\t\t<div class=\"elementor-field-group elementor-column elementor-field-type-submit elementor-col-100 e-form__buttons\">\n\t\t\t\t\t<button class=\"elementor-button elementor-size-md\" type=\"submit\">\n\t\t\t\t\t\t<span class=\"elementor-button-content-wrapper\">\n\t\t\t\t\t\t\t\t\t\t\t\t\t\t\t\t\t\t\t\t\t\t<span class=\"elementor-button-text\">Env\u00edo<\/span>\n\t\t\t\t\t\t\t\t\t\t\t\t\t<\/span>\n\t\t\t\t\t<\/button>\n\t\t\t\t<\/div>\n\t\t\t<\/div>\n\t\t<\/form>\n\t\t\t\t\t\t<\/div>\n\t\t\t\t<\/div>\n\t\t\t\t\t<\/div>\n\t\t<\/div>\n\t\t\t\t\t<\/div>\n\t\t<\/section>\n\t\t\t\t<section class=\"elementor-section elementor-top-section elementor-element elementor-element-a9ddf37 elementor-section-full_width elementor-section-height-default elementor-section-height-default\" data-id=\"a9ddf37\" data-element_type=\"section\" data-e-type=\"section\">\n\t\t\t\t\t\t<div class=\"elementor-container elementor-column-gap-no\">\n\t\t\t\t\t<div class=\"elementor-column elementor-col-100 elementor-top-column elementor-element elementor-element-fb1b41a\" data-id=\"fb1b41a\" data-element_type=\"column\" data-e-type=\"column\">\n\t\t\t<div class=\"elementor-widget-wrap elementor-element-populated\">\n\t\t\t\t\t\t<div class=\"elementor-element elementor-element-a7ef81f elementor-widget elementor-widget-google_maps\" data-id=\"a7ef81f\" data-element_type=\"widget\" data-e-type=\"widget\" data-widget_type=\"google_maps.default\">\n\t\t\t\t<div class=\"elementor-widget-container\">\n\t\t\t\t\t\t\t<div class=\"elementor-custom-embed\">\n\t\t\t<iframe loading=\"lazy\"\n\t\t\t\t\tsrc=\"https:\/\/maps.google.com\/maps?q=Casa%20Bodhi%2C%20P.%C2%BA%20de%20M%C3%A9jico%2C%206%2C%2029604%20Marbella&#038;t=m&#038;z=13&#038;output=embed&#038;iwloc=near\"\n\t\t\t\t\ttitle=\"Casa Bodhi, P.\u00ba de M\u00e9jico, 6, 29604 Marbella\"\n\t\t\t\t\taria-label=\"Casa Bodhi, P.\u00ba de M\u00e9jico, 6, 29604 Marbella\"\n\t\t\t><\/iframe>\n\t\t<\/div>\n\t\t\t\t\t\t<\/div>\n\t\t\t\t<\/div>\n\t\t\t\t\t<\/div>\n\t\t<\/div>\n\t\t\t\t\t<\/div>\n\t\t<\/section>\n\t\t\t\t<\/div>\n\t\t","protected":false},"excerpt":{"rendered":"<p>Contact Casa Bodhi Paseo De Mejico 6 Elviria 29604 &#8211; Marbella +32 485 00 45 02 (NL, EN, DU) +34 640 52 40 95 (ES) info@casabodhi.com Directions Formulario de contacto Utilice el siguiente formulario para cualquier otra pregunta. Gracias por su inter\u00e9s.<\/p>\n","protected":false},"author":1,"featured_media":0,"parent":0,"menu_order":0,"comment_status":"closed","ping_status":"closed","template":"elementor_header_footer","meta":{"footnotes":""},"class_list":["post-1909","page","type-page","status-publish","hentry"],"yoast_head":"<!-- This site is optimized with the Yoast SEO plugin v26.9 - https:\/\/yoast.com\/product\/yoast-seo-wordpress\/ -->\n<title>Contacto - Casa Bodhi<\/title>\n<meta name=\"description\" content=\"Unas vacaciones maravillosas en una hermosa villa. Rel\u00e1jese en la costa y en el hermoso jard\u00edn con una espl\u00e9ndida piscina, o m\u00e1s bien mant\u00e9ngase activo practicando senderismo, ciclismo, golf, rafting y monta\u00f1ismo.\" \/>\n<meta name=\"robots\" content=\"index, follow, max-snippet:-1, max-image-preview:large, max-video-preview:-1\" \/>\n<link rel=\"canonical\" href=\"https:\/\/casabodhi.com\/contact\/\" \/>\n<meta property=\"og:locale\" content=\"es_ES\" \/>\n<meta property=\"og:type\" content=\"article\" \/>\n<meta property=\"og:title\" content=\"Contacto - Casa Bodhi\" \/>\n<meta property=\"og:description\" content=\"Unas vacaciones maravillosas en una hermosa villa. Rel\u00e1jese en la costa y en el hermoso jard\u00edn con una espl\u00e9ndida piscina, o m\u00e1s bien mant\u00e9ngase activo practicando senderismo, ciclismo, golf, rafting y monta\u00f1ismo.\" \/>\n<meta property=\"og:url\" content=\"https:\/\/casabodhi.com\/contact\/\" \/>\n<meta property=\"og:site_name\" content=\"Casa Bodhi\" \/>\n<meta property=\"article:publisher\" content=\"https:\/\/www.facebook.com\/Casa-Bodhi-Marbella-109353794127151\" \/>\n<meta property=\"article:modified_time\" content=\"2025-08-01T06:36:02+00:00\" \/>\n<meta property=\"og:image\" content=\"https:\/\/casabodhi.com\/wp-content\/uploads\/2020\/11\/5953.jpg\" \/>\n\t<meta property=\"og:image:width\" content=\"1200\" \/>\n\t<meta property=\"og:image:height\" content=\"1800\" \/>\n\t<meta property=\"og:image:type\" content=\"image\/jpeg\" \/>\n<meta name=\"twitter:card\" content=\"summary_large_image\" \/>\n<meta name=\"twitter:label1\" content=\"Tiempo de lectura\" \/>\n\t<meta name=\"twitter:data1\" content=\"1 minuto\" \/>\n<script type=\"application\/ld+json\" class=\"yoast-schema-graph\">{\"@context\":\"https:\/\/schema.org\",\"@graph\":[{\"@type\":\"WebPage\",\"@id\":\"https:\/\/casabodhi.com\/contact\/\",\"url\":\"https:\/\/casabodhi.com\/contact\/\",\"name\":\"Contacto - Casa Bodhi\",\"isPartOf\":{\"@id\":\"https:\/\/casabodhi.com\/#website\"},\"primaryImageOfPage\":{\"@id\":\"https:\/\/casabodhi.com\/contact\/#primaryimage\"},\"image\":{\"@id\":\"https:\/\/casabodhi.com\/contact\/#primaryimage\"},\"thumbnailUrl\":\"https:\/\/casabodhi.com\/wp-content\/uploads\/2020\/11\/5953-683x1024.jpg\",\"datePublished\":\"2021-07-26T06:52:38+00:00\",\"dateModified\":\"2025-08-01T06:36:02+00:00\",\"description\":\"Unas vacaciones maravillosas en una hermosa villa. Rel\u00e1jese en la costa y en el hermoso jard\u00edn con una espl\u00e9ndida piscina, o m\u00e1s bien mant\u00e9ngase activo practicando senderismo, ciclismo, golf, rafting y monta\u00f1ismo.\",\"breadcrumb\":{\"@id\":\"https:\/\/casabodhi.com\/contact\/#breadcrumb\"},\"inLanguage\":\"es\",\"potentialAction\":[{\"@type\":\"ReadAction\",\"target\":[\"https:\/\/casabodhi.com\/contact\/\"]}]},{\"@type\":\"ImageObject\",\"inLanguage\":\"es\",\"@id\":\"https:\/\/casabodhi.com\/contact\/#primaryimage\",\"url\":\"https:\/\/casabodhi.com\/wp-content\/uploads\/2020\/11\/5953-683x1024.jpg\",\"contentUrl\":\"https:\/\/casabodhi.com\/wp-content\/uploads\/2020\/11\/5953-683x1024.jpg\"},{\"@type\":\"BreadcrumbList\",\"@id\":\"https:\/\/casabodhi.com\/contact\/#breadcrumb\",\"itemListElement\":[{\"@type\":\"ListItem\",\"position\":1,\"name\":\"Home\",\"item\":\"https:\/\/casabodhi.com\/\"},{\"@type\":\"ListItem\",\"position\":2,\"name\":\"Contacto\"}]},{\"@type\":\"WebSite\",\"@id\":\"https:\/\/casabodhi.com\/#website\",\"url\":\"https:\/\/casabodhi.com\/\",\"name\":\"Casa Bodhi\",\"description\":\"Bed and Breakfast\",\"publisher\":{\"@id\":\"https:\/\/casabodhi.com\/#organization\"},\"potentialAction\":[{\"@type\":\"SearchAction\",\"target\":{\"@type\":\"EntryPoint\",\"urlTemplate\":\"https:\/\/casabodhi.com\/?s={search_term_string}\"},\"query-input\":{\"@type\":\"PropertyValueSpecification\",\"valueRequired\":true,\"valueName\":\"search_term_string\"}}],\"inLanguage\":\"es\"},{\"@type\":\"Organization\",\"@id\":\"https:\/\/casabodhi.com\/#organization\",\"name\":\"Casa Bodhi\",\"url\":\"https:\/\/casabodhi.com\/\",\"logo\":{\"@type\":\"ImageObject\",\"inLanguage\":\"es\",\"@id\":\"https:\/\/casabodhi.com\/#\/schema\/logo\/image\/\",\"url\":\"https:\/\/casabodhi.com\/wp-content\/uploads\/2020\/11\/casabodhi-logo-1.png\",\"contentUrl\":\"https:\/\/casabodhi.com\/wp-content\/uploads\/2020\/11\/casabodhi-logo-1.png\",\"width\":600,\"height\":365,\"caption\":\"Casa Bodhi\"},\"image\":{\"@id\":\"https:\/\/casabodhi.com\/#\/schema\/logo\/image\/\"},\"sameAs\":[\"https:\/\/www.facebook.com\/Casa-Bodhi-Marbella-109353794127151\"]}]}<\/script>\n<!-- \/ Yoast SEO plugin. -->","yoast_head_json":{"title":"Contacto - Casa Bodhi","description":"Unas vacaciones maravillosas en una hermosa villa. Rel\u00e1jese en la costa y en el hermoso jard\u00edn con una espl\u00e9ndida piscina, o m\u00e1s bien mant\u00e9ngase activo practicando senderismo, ciclismo, golf, rafting y monta\u00f1ismo.","robots":{"index":"index","follow":"follow","max-snippet":"max-snippet:-1","max-image-preview":"max-image-preview:large","max-video-preview":"max-video-preview:-1"},"canonical":"https:\/\/casabodhi.com\/contact\/","og_locale":"es_ES","og_type":"article","og_title":"Contacto - Casa Bodhi","og_description":"Unas vacaciones maravillosas en una hermosa villa. Rel\u00e1jese en la costa y en el hermoso jard\u00edn con una espl\u00e9ndida piscina, o m\u00e1s bien mant\u00e9ngase activo practicando senderismo, ciclismo, golf, rafting y monta\u00f1ismo.","og_url":"https:\/\/casabodhi.com\/contact\/","og_site_name":"Casa Bodhi","article_publisher":"https:\/\/www.facebook.com\/Casa-Bodhi-Marbella-109353794127151","article_modified_time":"2025-08-01T06:36:02+00:00","og_image":[{"width":1200,"height":1800,"url":"https:\/\/casabodhi.com\/wp-content\/uploads\/2020\/11\/5953.jpg","type":"image\/jpeg"}],"twitter_card":"summary_large_image","twitter_misc":{"Tiempo de lectura":"1 minuto"},"schema":{"@context":"https:\/\/schema.org","@graph":[{"@type":"WebPage","@id":"https:\/\/casabodhi.com\/contact\/","url":"https:\/\/casabodhi.com\/contact\/","name":"Contacto - Casa Bodhi","isPartOf":{"@id":"https:\/\/casabodhi.com\/#website"},"primaryImageOfPage":{"@id":"https:\/\/casabodhi.com\/contact\/#primaryimage"},"image":{"@id":"https:\/\/casabodhi.com\/contact\/#primaryimage"},"thumbnailUrl":"https:\/\/casabodhi.com\/wp-content\/uploads\/2020\/11\/5953-683x1024.jpg","datePublished":"2021-07-26T06:52:38+00:00","dateModified":"2025-08-01T06:36:02+00:00","description":"Unas vacaciones maravillosas en una hermosa villa. Rel\u00e1jese en la costa y en el hermoso jard\u00edn con una espl\u00e9ndida piscina, o m\u00e1s bien mant\u00e9ngase activo practicando senderismo, ciclismo, golf, rafting y monta\u00f1ismo.","breadcrumb":{"@id":"https:\/\/casabodhi.com\/contact\/#breadcrumb"},"inLanguage":"es","potentialAction":[{"@type":"ReadAction","target":["https:\/\/casabodhi.com\/contact\/"]}]},{"@type":"ImageObject","inLanguage":"es","@id":"https:\/\/casabodhi.com\/contact\/#primaryimage","url":"https:\/\/casabodhi.com\/wp-content\/uploads\/2020\/11\/5953-683x1024.jpg","contentUrl":"https:\/\/casabodhi.com\/wp-content\/uploads\/2020\/11\/5953-683x1024.jpg"},{"@type":"BreadcrumbList","@id":"https:\/\/casabodhi.com\/contact\/#breadcrumb","itemListElement":[{"@type":"ListItem","position":1,"name":"Home","item":"https:\/\/casabodhi.com\/"},{"@type":"ListItem","position":2,"name":"Contacto"}]},{"@type":"WebSite","@id":"https:\/\/casabodhi.com\/#website","url":"https:\/\/casabodhi.com\/","name":"Casa Bodhi","description":"Bed and Breakfast","publisher":{"@id":"https:\/\/casabodhi.com\/#organization"},"potentialAction":[{"@type":"SearchAction","target":{"@type":"EntryPoint","urlTemplate":"https:\/\/casabodhi.com\/?s={search_term_string}"},"query-input":{"@type":"PropertyValueSpecification","valueRequired":true,"valueName":"search_term_string"}}],"inLanguage":"es"},{"@type":"Organization","@id":"https:\/\/casabodhi.com\/#organization","name":"Casa Bodhi","url":"https:\/\/casabodhi.com\/","logo":{"@type":"ImageObject","inLanguage":"es","@id":"https:\/\/casabodhi.com\/#\/schema\/logo\/image\/","url":"https:\/\/casabodhi.com\/wp-content\/uploads\/2020\/11\/casabodhi-logo-1.png","contentUrl":"https:\/\/casabodhi.com\/wp-content\/uploads\/2020\/11\/casabodhi-logo-1.png","width":600,"height":365,"caption":"Casa Bodhi"},"image":{"@id":"https:\/\/casabodhi.com\/#\/schema\/logo\/image\/"},"sameAs":["https:\/\/www.facebook.com\/Casa-Bodhi-Marbella-109353794127151"]}]}},"_links":{"self":[{"href":"https:\/\/casabodhi.com\/es\/wp-json\/wp\/v2\/pages\/1909","targetHints":{"allow":["GET"]}}],"collection":[{"href":"https:\/\/casabodhi.com\/es\/wp-json\/wp\/v2\/pages"}],"about":[{"href":"https:\/\/casabodhi.com\/es\/wp-json\/wp\/v2\/types\/page"}],"author":[{"embeddable":true,"href":"https:\/\/casabodhi.com\/es\/wp-json\/wp\/v2\/users\/1"}],"replies":[{"embeddable":true,"href":"https:\/\/casabodhi.com\/es\/wp-json\/wp\/v2\/comments?post=1909"}],"version-history":[{"count":18,"href":"https:\/\/casabodhi.com\/es\/wp-json\/wp\/v2\/pages\/1909\/revisions"}],"predecessor-version":[{"id":4516,"href":"https:\/\/casabodhi.com\/es\/wp-json\/wp\/v2\/pages\/1909\/revisions\/4516"}],"wp:attachment":[{"href":"https:\/\/casabodhi.com\/es\/wp-json\/wp\/v2\/media?parent=1909"}],"curies":[{"name":"wp","href":"https:\/\/api.w.org\/{rel}","templated":true}]}}